{"id":88,"date":"2020-02-28T11:53:46","date_gmt":"2020-02-28T11:53:46","guid":{"rendered":"http:\/\/fazsentido.dominioshp.com\/seminario-maior\/?page_id=88"},"modified":"2022-09-29T15:23:12","modified_gmt":"2022-09-29T15:23:12","slug":"pre-seminario","status":"publish","type":"page","link":"http:\/\/fazsentido.pt\/seminario-maior\/pre-seminario\/","title":{"rendered":"Pr\u00e9-Semin\u00e1rio"},"content":{"rendered":"<h2 data-wow-delay=\"550ms\"><strong>\u00c9 a voz de Deus\u2026<\/strong><\/h2>\n<p data-wow-delay=\"650ms\">Se uma voz te <strong>acorda<\/strong>, te tira da <strong>mediocridade<\/strong>, te baralha o<strong> jogo previsto<\/strong> para a tua vida&#8230;<strong> \u00e9 a voz de Deus<\/strong>.<\/p>\n<p data-wow-delay=\"650ms\">Se uma voz te faz <strong>sair do teu pr\u00f3prio ego<\/strong>\u00a0e te lan\u00e7a para o mundo inteiro&#8230; <strong>\u00e9 a voz de Deus<\/strong>.<\/p>\n<p data-wow-delay=\"650ms\">Se uma voz te convida a <strong>ser feliz<\/strong> fazendo felizes os outros, a dar sem esperar recompensas, a confiar nas outras pessoas como o Filho confiava no Pai&#8230; <strong>\u00e9 a voz de Deus<\/strong>.<\/p>\n<p data-wow-delay=\"650ms\">Se uma voz n\u00e3o tem nada que ver com os <strong>an\u00fancios <\/strong>publicit\u00e1rios, nem \u00e9 para fazer-te famoso nem rico&#8230;<strong> \u00e9 a voz de Deus<\/strong>.<\/p>\n<p data-wow-delay=\"650ms\">Se uma voz deixou <strong>eco em ti<\/strong> e, apesar de j\u00e1 teres tentado tudo, essa voz n\u00e3o se cala&#8230; <strong>\u00e9 a voz de Deus<\/strong>. Est\u00e1 <strong>na hora de responder<\/strong> \u00e0 voz de Deus!<\/p>\n<p>\t\t\t\t\t\t\t\t\t\t\t\t<a href=\"\">Entre tantos medos | Rafael Gon\u00e7alves<\/a><\/p>\n<p><iframe loading=\"lazy\" title=\"Ordena\u00e7\u00e3o Diaconal 2022 \u2013 Rafael Gon\u00e7alves\" src=\"https:\/\/www.youtube.com\/embed\/oBg6V3W-thI\" width=\"1481\" height=\"565\" frameborder=\"0\" allowfullscreen=\"allowfullscreen\"><\/iframe><\/p>\n<p>\t\t\t\t\t\t\t\t\t\t\t\t<a href=\"\">Uma provoca\u00e7\u00e3o | Bruno Lopes<\/a><\/p>\n<p><iframe loading=\"lazy\" title=\"Ordena\u00e7\u00e3o Diaconal 2022 \u2013 Bruno Lopes\" src=\"https:\/\/www.youtube.com\/embed\/5eFisDLH7So\" width=\"1481\" height=\"565\" frameborder=\"0\" allowfullscreen=\"allowfullscreen\"><\/iframe><\/p>\n<p>\t\t\t\t\t\t\t\t\t\t\t\t<a href=\"\">Havia qu\u00edmica | V\u00edtor Couto<\/a><br \/>\n\t\t\t\t\t<iframe loading=\"lazy\" width=\"1481\" height=\"565\" src=\"https:\/\/www.youtube.com\/embed\/tRvqjbaWMWY\" title=\"Ordena\u00e7\u00e3o Diaconal 2022 \u2013 Vitor Couto\" frameborder=\"0\" allow=\"accelerometer; autoplay; clipboard-write; encrypted-media; gyroscope; picture-in-picture\" allowfullscreen><\/iframe><br \/>\n\t\t\t\t\t\t\t\t\t\t\t\t<a href=\"\">A beleza do arriscar | Tiago Costa<\/a><\/p>\n<p><iframe loading=\"lazy\" title=\"Ordena\u00e7\u00e3o Diaconal 2022 \u2013 Tiago Costa\" src=\"https:\/\/www.youtube.com\/embed\/pIqlffkLKek\" width=\"1481\" height=\"565\" frameborder=\"0\" allowfullscreen=\"allowfullscreen\"><\/iframe><\/p>\n","protected":false},"excerpt":{"rendered":"<p>\u00c9 a voz de Deus\u2026 Se uma voz te acorda, te tira da mediocridade, te baralha o jogo previsto para a tua vida&#8230; \u00e9 a voz de Deus. Se uma voz te faz sair do teu pr\u00f3prio ego\u00a0e te lan\u00e7a para o mundo inteiro&#8230; \u00e9 a voz de Deus. Se uma voz te convida a &hellip; <\/p>\n<p class=\"link-more\"><a href=\"http:\/\/fazsentido.pt\/seminario-maior\/pre-seminario\/\" class=\"more-link\">Continuar a ler <span class=\"screen-reader-text\">&#8220;Pr\u00e9-Semin\u00e1rio&#8221;<\/span><\/a><\/p>\n","protected":false},"author":2,"featured_media":626,"parent":0,"menu_order":0,"comment_status":"closed","ping_status":"closed","template":"","meta":{"footnotes":""},"class_list":["post-88","page","type-page","status-publish","has-post-thumbnail","hentry"],"_links":{"self":[{"href":"http:\/\/fazsentido.pt\/seminario-maior\/wp-json\/wp\/v2\/pages\/88"}],"collection":[{"href":"http:\/\/fazsentido.pt\/seminario-maior\/wp-json\/wp\/v2\/pages"}],"about":[{"href":"http:\/\/fazsentido.pt\/seminario-maior\/wp-json\/wp\/v2\/types\/page"}],"author":[{"embeddable":true,"href":"http:\/\/fazsentido.pt\/seminario-maior\/wp-json\/wp\/v2\/users\/2"}],"replies":[{"embeddable":true,"href":"http:\/\/fazsentido.pt\/seminario-maior\/wp-json\/wp\/v2\/comments?post=88"}],"version-history":[{"count":27,"href":"http:\/\/fazsentido.pt\/seminario-maior\/wp-json\/wp\/v2\/pages\/88\/revisions"}],"predecessor-version":[{"id":647,"href":"http:\/\/fazsentido.pt\/seminario-maior\/wp-json\/wp\/v2\/pages\/88\/revisions\/647"}],"wp:featuredmedia":[{"embeddable":true,"href":"http:\/\/fazsentido.pt\/seminario-maior\/wp-json\/wp\/v2\/media\/626"}],"wp:attachment":[{"href":"http:\/\/fazsentido.pt\/seminario-maior\/wp-json\/wp\/v2\/media?parent=88"}],"curies":[{"name":"wp","href":"https:\/\/api.w.org\/{rel}","templated":true}]}}